{"id":89,"date":"2021-10-14T16:58:50","date_gmt":"2021-10-14T14:58:50","guid":{"rendered":"http:\/\/comportementaliste92.com\/?page_id=89"},"modified":"2025-07-17T11:29:12","modified_gmt":"2025-07-17T09:29:12","slug":"pourquoi-consulter","status":"publish","type":"page","link":"https:\/\/comportementaliste92.com\/index.php\/pourquoi-consulter\/","title":{"rendered":"Pourquoi consulter ?"},"content":{"rendered":"\n<p>Votre animal a des comportements que vous ne comprenez pas.<\/p>\n\n\n\n<p>Votre chien peut manifester des conduites agressives ?&nbsp;Envers les humains ? Ses cong\u00e9n\u00e8res ?<\/p>\n\n\n\n<p>Votre chien pleure, aboie ou d\u00e9truit tout objet d\u00e8s que vous quittez votre domicile&#8230;<\/p>\n\n\n\n<p>Votre chien n\u2019est pas propre ?<\/p>\n\n\n\n<p>Votre chien ne tient pas en place, bouge au moindre bruit, est toujours agit\u00e9 ?<\/p>\n\n\n\n<p>Votre chien ne revient pas au rappel, refuse d\u2019ob\u00e9ir\u2026 ?<\/p>\n\n\n\n<p>Votre chien est phobique, anxieux, stress\u00e9\u2026 ?<\/p>\n\n\n\n<p>Votre chien fugue ?<\/p>\n\n\n\n<p>Votre chat \u00e9limine en dehors de sa liti\u00e8re ?<\/p>\n\n\n\n<p>Votre chat peut avoir des comportements agressifs envers les humains ? <\/p>\n\n\n\n<p>Votre chats se gratte, se l\u00e8che sans arr\u00eat ?<\/p>\n\n\n\n<p>Vos chats se battent ?<\/p>\n\n\n\n<p>Votre chat miaule sans arr\u00eat ?<\/p>\n\n\n\n<p>Votre chat est obs\u00e9d\u00e9 par la nourriture ?<\/p>\n\n\n\n<p>Votre chat est tr\u00e8s craintif ?<\/p>\n\n\n\n<p>Vous venez d\u2019adopter un animal ? Pour \u00eatre s\u00fbr de bien commencer avec lui, vous voulez vous assurer que vous avez les bons comportements&#8230;<\/p>\n\n\n\n<p>Face \u00e0 ces diff\u00e9rents comportements, vous ne savez plus quoi faire. Vous avez tout essay\u00e9, suivi de nombreux conseils, et pourtant rien n\u2019y fait. Votre animal est pourtant en bonne sant\u00e9.<\/p>\n\n\n\n<p>Ensemble, nous \u00e9tudierons l\u2019histoire de votre animal, ses conditions de vie et chercherons les d\u00e9clencheurs qui provoquent ces comportements.<\/p>\n\n\n\n<p>Nous \u00e9mettrons ensemble un bilan comportemental et verrons quelles solutions, vous pourrez mettre en place.&nbsp;<\/p>\n\n\n\n<p>Toujours dans le respect de votre animal et de vous-m\u00eame.<\/p>\n\n\n\n<p>Je me d\u00e9place \u00e0 votre domicile: Paris, Hauts de Seine, Yvelines, Val de Marne (proche de Paris).<\/p>\n","protected":false},"excerpt":{"rendered":"<p>Votre animal a des comportements que vous ne comprenez pas. Votre chien peut manifester des conduites agressives ?&nbsp;Envers les humains ? Ses cong\u00e9n\u00e8res ? Votre chien pleure, aboie ou d\u00e9truit tout objet d\u00e8s que vous quittez votre domicile&#8230; Votre chien n\u2019est pas propre ? Votre chien ne tient pas en place, bouge au moindre bruit, &hellip; <\/p>\n<p class=\"link-more\"><a href=\"https:\/\/comportementaliste92.com\/index.php\/pourquoi-consulter\/\" class=\"more-link\">Continuer la lecture<span class=\"screen-reader-text\"> de &laquo;&nbsp;Pourquoi consulter ?&nbsp;&raquo;<\/span><\/a><\/p>\n","protected":false},"author":1,"featured_media":0,"parent":0,"menu_order":0,"comment_status":"closed","ping_status":"closed","template":"","meta":{"_monsterinsights_skip_tracking":false,"_monsterinsights_sitenote_active":false,"_monsterinsights_sitenote_note":"","_monsterinsights_sitenote_category":0,"_uf_show_specific_survey":0,"_uf_disable_surveys":false,"footnotes":""},"class_list":["post-89","page","type-page","status-publish","hentry"],"aioseo_notices":[],"yoast_head":"<!-- This site is optimized with the Yoast SEO plugin v27.5 - https:\/\/yoast.com\/product\/yoast-seo-wordpress\/ -->\n<title>Pourquoi consulter ? - Comportementaliste chien &amp; chat, Sp\u00e9cialiste de l\u2019anxi\u00e9t\u00e9, du stress et des peurs<\/title>\n<meta name=\"robots\" content=\"index, follow, max-snippet:-1, max-image-preview:large, max-video-preview:-1\" \/>\n<link rel=\"canonical\" href=\"https:\/\/comportementaliste92.com\/index.php\/pourquoi-consulter\/\" \/>\n<meta property=\"og:locale\" content=\"fr_FR\" \/>\n<meta property=\"og:type\" content=\"article\" \/>\n<meta property=\"og:title\" content=\"Pourquoi consulter ? - Comportementaliste chien &amp; chat, Sp\u00e9cialiste de l\u2019anxi\u00e9t\u00e9, du stress et des peurs\" \/>\n<meta property=\"og:description\" content=\"Votre animal a des comportements que vous ne comprenez pas. Votre chien peut manifester des conduites agressives ?&nbsp;Envers les humains ? Ses cong\u00e9n\u00e8res ? Votre chien pleure, aboie ou d\u00e9truit tout objet d\u00e8s que vous quittez votre domicile&#8230; Votre chien n\u2019est pas propre ? Votre chien ne tient pas en place, bouge au moindre bruit, &hellip; Continuer la lecture de &laquo;&nbsp;Pourquoi consulter ?&nbsp;&raquo;\" \/>\n<meta property=\"og:url\" content=\"https:\/\/comportementaliste92.com\/index.php\/pourquoi-consulter\/\" \/>\n<meta property=\"og:site_name\" content=\"Comportementaliste chien &amp; chat, Sp\u00e9cialiste de l\u2019anxi\u00e9t\u00e9, du stress et des peurs\" \/>\n<meta property=\"article:modified_time\" content=\"2025-07-17T09:29:12+00:00\" \/>\n<meta name=\"twitter:card\" content=\"summary_large_image\" \/>\n<meta name=\"twitter:label1\" content=\"Dur\u00e9e de lecture estim\u00e9e\" \/>\n\t<meta name=\"twitter:data1\" content=\"1 minute\" \/>\n<script type=\"application\/ld+json\" class=\"yoast-schema-graph\">{\"@context\":\"https:\\\/\\\/schema.org\",\"@graph\":[{\"@type\":\"WebPage\",\"@id\":\"https:\\\/\\\/comportementaliste92.com\\\/index.php\\\/pourquoi-consulter\\\/\",\"url\":\"https:\\\/\\\/comportementaliste92.com\\\/index.php\\\/pourquoi-consulter\\\/\",\"name\":\"Pourquoi consulter ? - Comportementaliste chien &amp; chat, Sp\u00e9cialiste de l\u2019anxi\u00e9t\u00e9, du stress et des peurs\",\"isPartOf\":{\"@id\":\"https:\\\/\\\/comportementaliste92.com\\\/#website\"},\"datePublished\":\"2021-10-14T14:58:50+00:00\",\"dateModified\":\"2025-07-17T09:29:12+00:00\",\"breadcrumb\":{\"@id\":\"https:\\\/\\\/comportementaliste92.com\\\/index.php\\\/pourquoi-consulter\\\/#breadcrumb\"},\"inLanguage\":\"fr-FR\",\"potentialAction\":[{\"@type\":\"ReadAction\",\"target\":[\"https:\\\/\\\/comportementaliste92.com\\\/index.php\\\/pourquoi-consulter\\\/\"]}]},{\"@type\":\"BreadcrumbList\",\"@id\":\"https:\\\/\\\/comportementaliste92.com\\\/index.php\\\/pourquoi-consulter\\\/#breadcrumb\",\"itemListElement\":[{\"@type\":\"ListItem\",\"position\":1,\"name\":\"Accueil\",\"item\":\"https:\\\/\\\/comportementaliste92.com\\\/\"},{\"@type\":\"ListItem\",\"position\":2,\"name\":\"Pourquoi consulter ?\"}]},{\"@type\":\"WebSite\",\"@id\":\"https:\\\/\\\/comportementaliste92.com\\\/#website\",\"url\":\"https:\\\/\\\/comportementaliste92.com\\\/\",\"name\":\"Comportementaliste chien &amp; chat, Sp\u00e9cialiste de l\u2019anxi\u00e9t\u00e9, du stress et des peurs\",\"description\":\"Praticienne en EMDR Animal\",\"potentialAction\":[{\"@type\":\"SearchAction\",\"target\":{\"@type\":\"EntryPoint\",\"urlTemplate\":\"https:\\\/\\\/comportementaliste92.com\\\/?s={search_term_string}\"},\"query-input\":{\"@type\":\"PropertyValueSpecification\",\"valueRequired\":true,\"valueName\":\"search_term_string\"}}],\"inLanguage\":\"fr-FR\"}]}<\/script>\n<!-- \/ Yoast SEO plugin. -->","yoast_head_json":{"title":"Pourquoi consulter ? - Comportementaliste chien &amp; chat, Sp\u00e9cialiste de l\u2019anxi\u00e9t\u00e9, du stress et des peurs","robots":{"index":"index","follow":"follow","max-snippet":"max-snippet:-1","max-image-preview":"max-image-preview:large","max-video-preview":"max-video-preview:-1"},"canonical":"https:\/\/comportementaliste92.com\/index.php\/pourquoi-consulter\/","og_locale":"fr_FR","og_type":"article","og_title":"Pourquoi consulter ? - Comportementaliste chien &amp; chat, Sp\u00e9cialiste de l\u2019anxi\u00e9t\u00e9, du stress et des peurs","og_description":"Votre animal a des comportements que vous ne comprenez pas. Votre chien peut manifester des conduites agressives ?&nbsp;Envers les humains ? Ses cong\u00e9n\u00e8res ? Votre chien pleure, aboie ou d\u00e9truit tout objet d\u00e8s que vous quittez votre domicile&#8230; Votre chien n\u2019est pas propre ? Votre chien ne tient pas en place, bouge au moindre bruit, &hellip; Continuer la lecture de &laquo;&nbsp;Pourquoi consulter ?&nbsp;&raquo;","og_url":"https:\/\/comportementaliste92.com\/index.php\/pourquoi-consulter\/","og_site_name":"Comportementaliste chien &amp; chat, Sp\u00e9cialiste de l\u2019anxi\u00e9t\u00e9, du stress et des peurs","article_modified_time":"2025-07-17T09:29:12+00:00","twitter_card":"summary_large_image","twitter_misc":{"Dur\u00e9e de lecture estim\u00e9e":"1 minute"},"schema":{"@context":"https:\/\/schema.org","@graph":[{"@type":"WebPage","@id":"https:\/\/comportementaliste92.com\/index.php\/pourquoi-consulter\/","url":"https:\/\/comportementaliste92.com\/index.php\/pourquoi-consulter\/","name":"Pourquoi consulter ? - Comportementaliste chien &amp; chat, Sp\u00e9cialiste de l\u2019anxi\u00e9t\u00e9, du stress et des peurs","isPartOf":{"@id":"https:\/\/comportementaliste92.com\/#website"},"datePublished":"2021-10-14T14:58:50+00:00","dateModified":"2025-07-17T09:29:12+00:00","breadcrumb":{"@id":"https:\/\/comportementaliste92.com\/index.php\/pourquoi-consulter\/#breadcrumb"},"inLanguage":"fr-FR","potentialAction":[{"@type":"ReadAction","target":["https:\/\/comportementaliste92.com\/index.php\/pourquoi-consulter\/"]}]},{"@type":"BreadcrumbList","@id":"https:\/\/comportementaliste92.com\/index.php\/pourquoi-consulter\/#breadcrumb","itemListElement":[{"@type":"ListItem","position":1,"name":"Accueil","item":"https:\/\/comportementaliste92.com\/"},{"@type":"ListItem","position":2,"name":"Pourquoi consulter ?"}]},{"@type":"WebSite","@id":"https:\/\/comportementaliste92.com\/#website","url":"https:\/\/comportementaliste92.com\/","name":"Comportementaliste chien &amp; chat, Sp\u00e9cialiste de l\u2019anxi\u00e9t\u00e9, du stress et des peurs","description":"Praticienne en EMDR Animal","potentialAction":[{"@type":"SearchAction","target":{"@type":"EntryPoint","urlTemplate":"https:\/\/comportementaliste92.com\/?s={search_term_string}"},"query-input":{"@type":"PropertyValueSpecification","valueRequired":true,"valueName":"search_term_string"}}],"inLanguage":"fr-FR"}]}},"_links":{"self":[{"href":"https:\/\/comportementaliste92.com\/index.php\/wp-json\/wp\/v2\/pages\/89","targetHints":{"allow":["GET"]}}],"collection":[{"href":"https:\/\/comportementaliste92.com\/index.php\/wp-json\/wp\/v2\/pages"}],"about":[{"href":"https:\/\/comportementaliste92.com\/index.php\/wp-json\/wp\/v2\/types\/page"}],"author":[{"embeddable":true,"href":"https:\/\/comportementaliste92.com\/index.php\/wp-json\/wp\/v2\/users\/1"}],"replies":[{"embeddable":true,"href":"https:\/\/comportementaliste92.com\/index.php\/wp-json\/wp\/v2\/comments?post=89"}],"version-history":[{"count":16,"href":"https:\/\/comportementaliste92.com\/index.php\/wp-json\/wp\/v2\/pages\/89\/revisions"}],"predecessor-version":[{"id":551,"href":"https:\/\/comportementaliste92.com\/index.php\/wp-json\/wp\/v2\/pages\/89\/revisions\/551"}],"wp:attachment":[{"href":"https:\/\/comportementaliste92.com\/index.php\/wp-json\/wp\/v2\/media?parent=89"}],"curies":[{"name":"wp","href":"https:\/\/api.w.org\/{rel}","templated":true}]}}