{"id":448,"date":"2024-10-11T16:45:00","date_gmt":"2024-10-11T14:45:00","guid":{"rendered":"https:\/\/comportementaliste92.com\/?page_id=448"},"modified":"2025-03-03T10:57:43","modified_gmt":"2025-03-03T09:57:43","slug":"emdr-animal","status":"publish","type":"page","link":"https:\/\/comportementaliste92.com\/index.php\/emdr-animal\/","title":{"rendered":"S\u00e9ances EMDR Animal:"},"content":{"rendered":"\n<p><strong>Comment apprendre \u00e0 Menko \u00e0 ne plus avoir peur de rentrer et sortir de son immeuble ?<\/strong><\/p>\n\n\n\n<figure class=\"wp-block-video\"><video height=\"1920\" style=\"aspect-ratio: 1080 \/ 1920;\" width=\"1080\" controls src=\"https:\/\/comportementaliste92.com\/wp-content\/uploads\/2025\/03\/Menko.mp4\"><\/video><\/figure>\n\n\n\n<p><strong>Comment apprendre \u00e0 Vasco \u00e0 ne plus avoir peur en voiture ?<\/strong><\/p>\n\n\n\n<figure class=\"wp-block-image size-full\"><img decoding=\"async\" src=\"https:\/\/comportementaliste92.com\/wp-content\/uploads\/2025\/03\/Vasco-3.mp4\" alt=\"\" class=\"wp-image-527\"\/><\/figure>\n\n\n\n<p><strong>Comment apprendre \u00e0 Norma \u00e0 ne plus avoir peur en voiture ?<\/strong><\/p>\n\n\n\n<figure class=\"wp-block-video\"><video height=\"1080\" style=\"aspect-ratio: 1920 \/ 1080;\" width=\"1920\" controls src=\"https:\/\/comportementaliste92.com\/wp-content\/uploads\/2025\/01\/Norma-en-voiture.mp4\"><\/video><\/figure>\n\n\n\n<p><strong>Comment apprendre \u00e0 Airbus \u00e0 ne plus avoir peur dans le parking ?<\/strong><\/p>\n\n\n\n<p><\/p>\n\n\n\n<div class=\"wp-block-group is-nowrap is-layout-flex wp-container-core-group-is-layout-ad2f72ca wp-block-group-is-layout-flex\">\n<figure class=\"wp-block-video\"><video height=\"1080\" style=\"aspect-ratio: 1920 \/ 1080;\" width=\"1920\" controls src=\"https:\/\/comportementaliste92.com\/wp-content\/uploads\/2024\/12\/Airbus-le-parking-5.mp4\"><\/video><\/figure>\n\n\n\n<p>Airbus est un Boston Terrier de 7 ans et depuis son adoption manifeste des signes d&rsquo;anxi\u00e9t\u00e9 intenses: peur de la voiture, peur de descendre les escaliers&#8230;<\/p>\n\n\n\n<p><\/p>\n<\/div>\n\n\n\n<p>Comment apprendre \u00e0 Airbus \u00e0 ne plus avoir peur de descendre les escaliers ?<\/p>\n\n\n\n<p><\/p>\n\n\n\n<figure class=\"wp-block-video\"><video height=\"1080\" style=\"aspect-ratio: 1920 \/ 1080;\" width=\"1920\" controls src=\"https:\/\/comportementaliste92.com\/wp-content\/uploads\/2024\/11\/Insta-Airbus.mp4\"><\/video><\/figure>\n\n\n\n<p>S\u00e9ance EMDR Animal avec Volt:<\/p>\n\n\n\n<p>Volt est un Teckel qui souffre du syndrome de privation sensorielle. D\u00e8s son adoption, Volt a peur de tout: de l&rsquo;humain, des bruits domestiques, des bruits urbains&#8230; C&rsquo;est un des cas les plus difficiles \u00e0 traiter car il a peur de moi-m\u00eame \u00e9tant une \u00e9trang\u00e8re pour lui. Nous avons r\u00e9ussi n\u00e9anmoins \u00e0 le faire progresser gr\u00e2ce au traitement en EMDR Animal:<\/p>\n\n\n\n<figure class=\"wp-block-video\"><video height=\"1080\" style=\"aspect-ratio: 1920 \/ 1080;\" width=\"1920\" controls src=\"https:\/\/comportementaliste92.com\/wp-content\/uploads\/2024\/11\/Volt-2.mp4\"><\/video><\/figure>\n","protected":false},"excerpt":{"rendered":"<p>Comment apprendre \u00e0 Menko \u00e0 ne plus avoir peur de rentrer et sortir de son immeuble ? Comment apprendre \u00e0 Vasco \u00e0 ne plus avoir peur en voiture ? Comment apprendre \u00e0 Norma \u00e0 ne plus avoir peur en voiture ? Comment apprendre \u00e0 Airbus \u00e0 ne plus avoir peur dans le parking ? Airbus &hellip; <\/p>\n<p class=\"link-more\"><a href=\"https:\/\/comportementaliste92.com\/index.php\/emdr-animal\/\" class=\"more-link\">Continuer la lecture<span class=\"screen-reader-text\"> de &laquo;&nbsp;S\u00e9ances EMDR Animal:&nbsp;&raquo;<\/span><\/a><\/p>\n","protected":false},"author":1,"featured_media":0,"parent":0,"menu_order":0,"comment_status":"closed","ping_status":"closed","template":"","meta":{"_monsterinsights_skip_tracking":false,"_monsterinsights_sitenote_active":false,"_monsterinsights_sitenote_note":"","_monsterinsights_sitenote_category":0,"_uf_show_specific_survey":0,"_uf_disable_surveys":false,"footnotes":""},"class_list":["post-448","page","type-page","status-publish","hentry"],"aioseo_notices":[],"yoast_head":"<!-- This site is optimized with the Yoast SEO plugin v27.4 - https:\/\/yoast.com\/product\/yoast-seo-wordpress\/ -->\n<title>S\u00e9ances EMDR Animal: - Comportementaliste chien &amp; chat, Sp\u00e9cialiste de l\u2019anxi\u00e9t\u00e9, du stress et des peurs<\/title>\n<meta name=\"robots\" content=\"index, follow, max-snippet:-1, max-image-preview:large, max-video-preview:-1\" \/>\n<link rel=\"canonical\" href=\"https:\/\/comportementaliste92.com\/index.php\/emdr-animal\/\" \/>\n<meta property=\"og:locale\" content=\"fr_FR\" \/>\n<meta property=\"og:type\" content=\"article\" \/>\n<meta property=\"og:title\" content=\"S\u00e9ances EMDR Animal: - Comportementaliste chien &amp; chat, Sp\u00e9cialiste de l\u2019anxi\u00e9t\u00e9, du stress et des peurs\" \/>\n<meta property=\"og:description\" content=\"Comment apprendre \u00e0 Menko \u00e0 ne plus avoir peur de rentrer et sortir de son immeuble ? Comment apprendre \u00e0 Vasco \u00e0 ne plus avoir peur en voiture ? Comment apprendre \u00e0 Norma \u00e0 ne plus avoir peur en voiture ? Comment apprendre \u00e0 Airbus \u00e0 ne plus avoir peur dans le parking ? Airbus &hellip; Continuer la lecture de &laquo;&nbsp;S\u00e9ances EMDR Animal:&nbsp;&raquo;\" \/>\n<meta property=\"og:url\" content=\"https:\/\/comportementaliste92.com\/index.php\/emdr-animal\/\" \/>\n<meta property=\"og:site_name\" content=\"Comportementaliste chien &amp; chat, Sp\u00e9cialiste de l\u2019anxi\u00e9t\u00e9, du stress et des peurs\" \/>\n<meta property=\"article:modified_time\" content=\"2025-03-03T09:57:43+00:00\" \/>\n<meta name=\"twitter:card\" content=\"summary_large_image\" \/>\n<meta name=\"twitter:label1\" content=\"Dur\u00e9e de lecture estim\u00e9e\" \/>\n\t<meta name=\"twitter:data1\" content=\"1 minute\" \/>\n<script type=\"application\/ld+json\" class=\"yoast-schema-graph\">{\"@context\":\"https:\\\/\\\/schema.org\",\"@graph\":[{\"@type\":\"WebPage\",\"@id\":\"https:\\\/\\\/comportementaliste92.com\\\/index.php\\\/emdr-animal\\\/\",\"url\":\"https:\\\/\\\/comportementaliste92.com\\\/index.php\\\/emdr-animal\\\/\",\"name\":\"S\u00e9ances EMDR Animal: - Comportementaliste chien &amp; chat, Sp\u00e9cialiste de l\u2019anxi\u00e9t\u00e9, du stress et des peurs\",\"isPartOf\":{\"@id\":\"https:\\\/\\\/comportementaliste92.com\\\/#website\"},\"primaryImageOfPage\":{\"@id\":\"https:\\\/\\\/comportementaliste92.com\\\/index.php\\\/emdr-animal\\\/#primaryimage\"},\"image\":{\"@id\":\"https:\\\/\\\/comportementaliste92.com\\\/index.php\\\/emdr-animal\\\/#primaryimage\"},\"thumbnailUrl\":\"https:\\\/\\\/comportementaliste92.com\\\/wp-content\\\/uploads\\\/2025\\\/03\\\/Vasco-3.mp4\",\"datePublished\":\"2024-10-11T14:45:00+00:00\",\"dateModified\":\"2025-03-03T09:57:43+00:00\",\"breadcrumb\":{\"@id\":\"https:\\\/\\\/comportementaliste92.com\\\/index.php\\\/emdr-animal\\\/#breadcrumb\"},\"inLanguage\":\"fr-FR\",\"potentialAction\":[{\"@type\":\"ReadAction\",\"target\":[\"https:\\\/\\\/comportementaliste92.com\\\/index.php\\\/emdr-animal\\\/\"]}]},{\"@type\":\"ImageObject\",\"inLanguage\":\"fr-FR\",\"@id\":\"https:\\\/\\\/comportementaliste92.com\\\/index.php\\\/emdr-animal\\\/#primaryimage\",\"url\":\"\",\"contentUrl\":\"\",\"width\":1920,\"height\":1080},{\"@type\":\"BreadcrumbList\",\"@id\":\"https:\\\/\\\/comportementaliste92.com\\\/index.php\\\/emdr-animal\\\/#breadcrumb\",\"itemListElement\":[{\"@type\":\"ListItem\",\"position\":1,\"name\":\"Accueil\",\"item\":\"https:\\\/\\\/comportementaliste92.com\\\/\"},{\"@type\":\"ListItem\",\"position\":2,\"name\":\"S\u00e9ances EMDR Animal:\"}]},{\"@type\":\"WebSite\",\"@id\":\"https:\\\/\\\/comportementaliste92.com\\\/#website\",\"url\":\"https:\\\/\\\/comportementaliste92.com\\\/\",\"name\":\"Comportementaliste chien &amp; chat, Sp\u00e9cialiste de l\u2019anxi\u00e9t\u00e9, du stress et des peurs\",\"description\":\"Praticienne en EMDR Animal\",\"potentialAction\":[{\"@type\":\"SearchAction\",\"target\":{\"@type\":\"EntryPoint\",\"urlTemplate\":\"https:\\\/\\\/comportementaliste92.com\\\/?s={search_term_string}\"},\"query-input\":{\"@type\":\"PropertyValueSpecification\",\"valueRequired\":true,\"valueName\":\"search_term_string\"}}],\"inLanguage\":\"fr-FR\"}]}<\/script>\n<!-- \/ Yoast SEO plugin. -->","yoast_head_json":{"title":"S\u00e9ances EMDR Animal: - Comportementaliste chien &amp; chat, Sp\u00e9cialiste de l\u2019anxi\u00e9t\u00e9, du stress et des peurs","robots":{"index":"index","follow":"follow","max-snippet":"max-snippet:-1","max-image-preview":"max-image-preview:large","max-video-preview":"max-video-preview:-1"},"canonical":"https:\/\/comportementaliste92.com\/index.php\/emdr-animal\/","og_locale":"fr_FR","og_type":"article","og_title":"S\u00e9ances EMDR Animal: - Comportementaliste chien &amp; chat, Sp\u00e9cialiste de l\u2019anxi\u00e9t\u00e9, du stress et des peurs","og_description":"Comment apprendre \u00e0 Menko \u00e0 ne plus avoir peur de rentrer et sortir de son immeuble ? Comment apprendre \u00e0 Vasco \u00e0 ne plus avoir peur en voiture ? Comment apprendre \u00e0 Norma \u00e0 ne plus avoir peur en voiture ? Comment apprendre \u00e0 Airbus \u00e0 ne plus avoir peur dans le parking ? Airbus &hellip; Continuer la lecture de &laquo;&nbsp;S\u00e9ances EMDR Animal:&nbsp;&raquo;","og_url":"https:\/\/comportementaliste92.com\/index.php\/emdr-animal\/","og_site_name":"Comportementaliste chien &amp; chat, Sp\u00e9cialiste de l\u2019anxi\u00e9t\u00e9, du stress et des peurs","article_modified_time":"2025-03-03T09:57:43+00:00","twitter_card":"summary_large_image","twitter_misc":{"Dur\u00e9e de lecture estim\u00e9e":"1 minute"},"schema":{"@context":"https:\/\/schema.org","@graph":[{"@type":"WebPage","@id":"https:\/\/comportementaliste92.com\/index.php\/emdr-animal\/","url":"https:\/\/comportementaliste92.com\/index.php\/emdr-animal\/","name":"S\u00e9ances EMDR Animal: - Comportementaliste chien &amp; chat, Sp\u00e9cialiste de l\u2019anxi\u00e9t\u00e9, du stress et des peurs","isPartOf":{"@id":"https:\/\/comportementaliste92.com\/#website"},"primaryImageOfPage":{"@id":"https:\/\/comportementaliste92.com\/index.php\/emdr-animal\/#primaryimage"},"image":{"@id":"https:\/\/comportementaliste92.com\/index.php\/emdr-animal\/#primaryimage"},"thumbnailUrl":"https:\/\/comportementaliste92.com\/wp-content\/uploads\/2025\/03\/Vasco-3.mp4","datePublished":"2024-10-11T14:45:00+00:00","dateModified":"2025-03-03T09:57:43+00:00","breadcrumb":{"@id":"https:\/\/comportementaliste92.com\/index.php\/emdr-animal\/#breadcrumb"},"inLanguage":"fr-FR","potentialAction":[{"@type":"ReadAction","target":["https:\/\/comportementaliste92.com\/index.php\/emdr-animal\/"]}]},{"@type":"ImageObject","inLanguage":"fr-FR","@id":"https:\/\/comportementaliste92.com\/index.php\/emdr-animal\/#primaryimage","url":"","contentUrl":"","width":1920,"height":1080},{"@type":"BreadcrumbList","@id":"https:\/\/comportementaliste92.com\/index.php\/emdr-animal\/#breadcrumb","itemListElement":[{"@type":"ListItem","position":1,"name":"Accueil","item":"https:\/\/comportementaliste92.com\/"},{"@type":"ListItem","position":2,"name":"S\u00e9ances EMDR Animal:"}]},{"@type":"WebSite","@id":"https:\/\/comportementaliste92.com\/#website","url":"https:\/\/comportementaliste92.com\/","name":"Comportementaliste chien &amp; chat, Sp\u00e9cialiste de l\u2019anxi\u00e9t\u00e9, du stress et des peurs","description":"Praticienne en EMDR Animal","potentialAction":[{"@type":"SearchAction","target":{"@type":"EntryPoint","urlTemplate":"https:\/\/comportementaliste92.com\/?s={search_term_string}"},"query-input":{"@type":"PropertyValueSpecification","valueRequired":true,"valueName":"search_term_string"}}],"inLanguage":"fr-FR"}]}},"_links":{"self":[{"href":"https:\/\/comportementaliste92.com\/index.php\/wp-json\/wp\/v2\/pages\/448","targetHints":{"allow":["GET"]}}],"collection":[{"href":"https:\/\/comportementaliste92.com\/index.php\/wp-json\/wp\/v2\/pages"}],"about":[{"href":"https:\/\/comportementaliste92.com\/index.php\/wp-json\/wp\/v2\/types\/page"}],"author":[{"embeddable":true,"href":"https:\/\/comportementaliste92.com\/index.php\/wp-json\/wp\/v2\/users\/1"}],"replies":[{"embeddable":true,"href":"https:\/\/comportementaliste92.com\/index.php\/wp-json\/wp\/v2\/comments?post=448"}],"version-history":[{"count":11,"href":"https:\/\/comportementaliste92.com\/index.php\/wp-json\/wp\/v2\/pages\/448\/revisions"}],"predecessor-version":[{"id":529,"href":"https:\/\/comportementaliste92.com\/index.php\/wp-json\/wp\/v2\/pages\/448\/revisions\/529"}],"wp:attachment":[{"href":"https:\/\/comportementaliste92.com\/index.php\/wp-json\/wp\/v2\/media?parent=448"}],"curies":[{"name":"wp","href":"https:\/\/api.w.org\/{rel}","templated":true}]}}