{"id":335,"date":"2023-12-12T11:18:01","date_gmt":"2023-12-12T10:18:01","guid":{"rendered":"https:\/\/comportementaliste92.com\/?page_id=335"},"modified":"2026-02-11T11:44:54","modified_gmt":"2026-02-11T10:44:54","slug":"comment-bien-laccueillir","status":"publish","type":"page","link":"https:\/\/comportementaliste92.com\/index.php\/comment-bien-laccueillir\/","title":{"rendered":"Comment bien l&rsquo;accueillir ?"},"content":{"rendered":"\n<h3 class=\"wp-block-heading\">Adaptation au foyer<\/h3>\n\n\n\n<p>S\u00e9ance d\u2019accompagnement pour faciliter l\u2019adaptation de votre nouveau chien, pr\u00e9venir anxi\u00e9t\u00e9 et comportements probl\u00e9matiques.<br><\/p>\n\n\n\n<h3 class=\"wp-block-heading\">Socialisation avec humains et autres animaux<\/h3>\n\n\n\n<p>Plan personnalis\u00e9 pour apprendre \u00e0 votre chien \u00e0 interagir sereinement et d\u00e9velopper de bonnes habitudes sociales.<br><\/p>\n\n\n\n<h3 class=\"wp-block-heading\">Mise en place de routines &amp; rep\u00e8res<\/h3>\n\n\n\n<p>Conseils pratiques pour instaurer une routine claire et des rep\u00e8res, afin d\u2019assurer une cohabitation harmonieuse d\u00e8s les premiers jours.<br><\/p>\n\n\n\n<p>\ud83c\udf81\u00a0<strong><strong>Programme Adoption \u2013 Nouveau chien<\/strong> \u2014 120 \u20ac<\/strong><\/p>\n\n\n\n<p>\ud83d\udccd Zone d\u2019intervention: \u00e0 votre domicile<\/p>\n\n\n\n<p><strong>Ch\u00e2tenay-Malabry + 15 km<\/strong><br>Paris \u2022 Boulogne-Billancourt \u2022 Sceaux \u2022 Antony \u2022 Le Plessis-Robinson \u2022 Verri\u00e8res-le-Buisson \u2022 Fontenay-aux-Roses \u2022 Clamart \u2022 etc.<\/p>\n","protected":false},"excerpt":{"rendered":"<p>Adaptation au foyer S\u00e9ance d\u2019accompagnement pour faciliter l\u2019adaptation de votre nouveau chien, pr\u00e9venir anxi\u00e9t\u00e9 et comportements probl\u00e9matiques. Socialisation avec humains et autres animaux Plan personnalis\u00e9 pour apprendre \u00e0 votre chien \u00e0 interagir sereinement et d\u00e9velopper de bonnes habitudes sociales. Mise en place de routines &amp; rep\u00e8res Conseils pratiques pour instaurer une routine claire et des &hellip; <\/p>\n<p class=\"link-more\"><a href=\"https:\/\/comportementaliste92.com\/index.php\/comment-bien-laccueillir\/\" class=\"more-link\">Continuer la lecture<span class=\"screen-reader-text\"> de &laquo;&nbsp;Comment bien l&rsquo;accueillir ?&nbsp;&raquo;<\/span><\/a><\/p>\n","protected":false},"author":1,"featured_media":0,"parent":0,"menu_order":4,"comment_status":"closed","ping_status":"closed","template":"","meta":{"_monsterinsights_skip_tracking":false,"_monsterinsights_sitenote_active":false,"_monsterinsights_sitenote_note":"","_monsterinsights_sitenote_category":0,"_uf_show_specific_survey":0,"_uf_disable_surveys":false,"footnotes":""},"class_list":["post-335","page","type-page","status-publish","hentry"],"aioseo_notices":[],"yoast_head":"<!-- This site is optimized with the Yoast SEO plugin v27.5 - https:\/\/yoast.com\/product\/yoast-seo-wordpress\/ -->\n<title>Comment bien l&#039;accueillir ? - Comportementaliste chien &amp; chat, Sp\u00e9cialiste de l\u2019anxi\u00e9t\u00e9, du stress et des peurs<\/title>\n<meta name=\"robots\" content=\"index, follow, max-snippet:-1, max-image-preview:large, max-video-preview:-1\" \/>\n<link rel=\"canonical\" href=\"https:\/\/comportementaliste92.com\/index.php\/comment-bien-laccueillir\/\" \/>\n<meta property=\"og:locale\" content=\"fr_FR\" \/>\n<meta property=\"og:type\" content=\"article\" \/>\n<meta property=\"og:title\" content=\"Comment bien l&#039;accueillir ? - Comportementaliste chien &amp; chat, Sp\u00e9cialiste de l\u2019anxi\u00e9t\u00e9, du stress et des peurs\" \/>\n<meta property=\"og:description\" content=\"Adaptation au foyer S\u00e9ance d\u2019accompagnement pour faciliter l\u2019adaptation de votre nouveau chien, pr\u00e9venir anxi\u00e9t\u00e9 et comportements probl\u00e9matiques. Socialisation avec humains et autres animaux Plan personnalis\u00e9 pour apprendre \u00e0 votre chien \u00e0 interagir sereinement et d\u00e9velopper de bonnes habitudes sociales. Mise en place de routines &amp; rep\u00e8res Conseils pratiques pour instaurer une routine claire et des &hellip; Continuer la lecture de &laquo;&nbsp;Comment bien l&rsquo;accueillir ?&nbsp;&raquo;\" \/>\n<meta property=\"og:url\" content=\"https:\/\/comportementaliste92.com\/index.php\/comment-bien-laccueillir\/\" \/>\n<meta property=\"og:site_name\" content=\"Comportementaliste chien &amp; chat, Sp\u00e9cialiste de l\u2019anxi\u00e9t\u00e9, du stress et des peurs\" \/>\n<meta property=\"article:modified_time\" content=\"2026-02-11T10:44:54+00:00\" \/>\n<meta name=\"twitter:card\" content=\"summary_large_image\" \/>\n<meta name=\"twitter:label1\" content=\"Dur\u00e9e de lecture estim\u00e9e\" \/>\n\t<meta name=\"twitter:data1\" content=\"1 minute\" \/>\n<script type=\"application\/ld+json\" class=\"yoast-schema-graph\">{\"@context\":\"https:\\\/\\\/schema.org\",\"@graph\":[{\"@type\":\"WebPage\",\"@id\":\"https:\\\/\\\/comportementaliste92.com\\\/index.php\\\/comment-bien-laccueillir\\\/\",\"url\":\"https:\\\/\\\/comportementaliste92.com\\\/index.php\\\/comment-bien-laccueillir\\\/\",\"name\":\"Comment bien l'accueillir ? - Comportementaliste chien &amp; chat, Sp\u00e9cialiste de l\u2019anxi\u00e9t\u00e9, du stress et des peurs\",\"isPartOf\":{\"@id\":\"https:\\\/\\\/comportementaliste92.com\\\/#website\"},\"datePublished\":\"2023-12-12T10:18:01+00:00\",\"dateModified\":\"2026-02-11T10:44:54+00:00\",\"breadcrumb\":{\"@id\":\"https:\\\/\\\/comportementaliste92.com\\\/index.php\\\/comment-bien-laccueillir\\\/#breadcrumb\"},\"inLanguage\":\"fr-FR\",\"potentialAction\":[{\"@type\":\"ReadAction\",\"target\":[\"https:\\\/\\\/comportementaliste92.com\\\/index.php\\\/comment-bien-laccueillir\\\/\"]}]},{\"@type\":\"BreadcrumbList\",\"@id\":\"https:\\\/\\\/comportementaliste92.com\\\/index.php\\\/comment-bien-laccueillir\\\/#breadcrumb\",\"itemListElement\":[{\"@type\":\"ListItem\",\"position\":1,\"name\":\"Accueil\",\"item\":\"https:\\\/\\\/comportementaliste92.com\\\/\"},{\"@type\":\"ListItem\",\"position\":2,\"name\":\"Comment bien l&rsquo;accueillir ?\"}]},{\"@type\":\"WebSite\",\"@id\":\"https:\\\/\\\/comportementaliste92.com\\\/#website\",\"url\":\"https:\\\/\\\/comportementaliste92.com\\\/\",\"name\":\"Comportementaliste chien &amp; chat, Sp\u00e9cialiste de l\u2019anxi\u00e9t\u00e9, du stress et des peurs\",\"description\":\"Praticienne en EMDR Animal\",\"potentialAction\":[{\"@type\":\"SearchAction\",\"target\":{\"@type\":\"EntryPoint\",\"urlTemplate\":\"https:\\\/\\\/comportementaliste92.com\\\/?s={search_term_string}\"},\"query-input\":{\"@type\":\"PropertyValueSpecification\",\"valueRequired\":true,\"valueName\":\"search_term_string\"}}],\"inLanguage\":\"fr-FR\"}]}<\/script>\n<!-- \/ Yoast SEO plugin. -->","yoast_head_json":{"title":"Comment bien l'accueillir ? - Comportementaliste chien &amp; chat, Sp\u00e9cialiste de l\u2019anxi\u00e9t\u00e9, du stress et des peurs","robots":{"index":"index","follow":"follow","max-snippet":"max-snippet:-1","max-image-preview":"max-image-preview:large","max-video-preview":"max-video-preview:-1"},"canonical":"https:\/\/comportementaliste92.com\/index.php\/comment-bien-laccueillir\/","og_locale":"fr_FR","og_type":"article","og_title":"Comment bien l'accueillir ? - Comportementaliste chien &amp; chat, Sp\u00e9cialiste de l\u2019anxi\u00e9t\u00e9, du stress et des peurs","og_description":"Adaptation au foyer S\u00e9ance d\u2019accompagnement pour faciliter l\u2019adaptation de votre nouveau chien, pr\u00e9venir anxi\u00e9t\u00e9 et comportements probl\u00e9matiques. Socialisation avec humains et autres animaux Plan personnalis\u00e9 pour apprendre \u00e0 votre chien \u00e0 interagir sereinement et d\u00e9velopper de bonnes habitudes sociales. Mise en place de routines &amp; rep\u00e8res Conseils pratiques pour instaurer une routine claire et des &hellip; Continuer la lecture de &laquo;&nbsp;Comment bien l&rsquo;accueillir ?&nbsp;&raquo;","og_url":"https:\/\/comportementaliste92.com\/index.php\/comment-bien-laccueillir\/","og_site_name":"Comportementaliste chien &amp; chat, Sp\u00e9cialiste de l\u2019anxi\u00e9t\u00e9, du stress et des peurs","article_modified_time":"2026-02-11T10:44:54+00:00","twitter_card":"summary_large_image","twitter_misc":{"Dur\u00e9e de lecture estim\u00e9e":"1 minute"},"schema":{"@context":"https:\/\/schema.org","@graph":[{"@type":"WebPage","@id":"https:\/\/comportementaliste92.com\/index.php\/comment-bien-laccueillir\/","url":"https:\/\/comportementaliste92.com\/index.php\/comment-bien-laccueillir\/","name":"Comment bien l'accueillir ? - Comportementaliste chien &amp; chat, Sp\u00e9cialiste de l\u2019anxi\u00e9t\u00e9, du stress et des peurs","isPartOf":{"@id":"https:\/\/comportementaliste92.com\/#website"},"datePublished":"2023-12-12T10:18:01+00:00","dateModified":"2026-02-11T10:44:54+00:00","breadcrumb":{"@id":"https:\/\/comportementaliste92.com\/index.php\/comment-bien-laccueillir\/#breadcrumb"},"inLanguage":"fr-FR","potentialAction":[{"@type":"ReadAction","target":["https:\/\/comportementaliste92.com\/index.php\/comment-bien-laccueillir\/"]}]},{"@type":"BreadcrumbList","@id":"https:\/\/comportementaliste92.com\/index.php\/comment-bien-laccueillir\/#breadcrumb","itemListElement":[{"@type":"ListItem","position":1,"name":"Accueil","item":"https:\/\/comportementaliste92.com\/"},{"@type":"ListItem","position":2,"name":"Comment bien l&rsquo;accueillir ?"}]},{"@type":"WebSite","@id":"https:\/\/comportementaliste92.com\/#website","url":"https:\/\/comportementaliste92.com\/","name":"Comportementaliste chien &amp; chat, Sp\u00e9cialiste de l\u2019anxi\u00e9t\u00e9, du stress et des peurs","description":"Praticienne en EMDR Animal","potentialAction":[{"@type":"SearchAction","target":{"@type":"EntryPoint","urlTemplate":"https:\/\/comportementaliste92.com\/?s={search_term_string}"},"query-input":{"@type":"PropertyValueSpecification","valueRequired":true,"valueName":"search_term_string"}}],"inLanguage":"fr-FR"}]}},"_links":{"self":[{"href":"https:\/\/comportementaliste92.com\/index.php\/wp-json\/wp\/v2\/pages\/335","targetHints":{"allow":["GET"]}}],"collection":[{"href":"https:\/\/comportementaliste92.com\/index.php\/wp-json\/wp\/v2\/pages"}],"about":[{"href":"https:\/\/comportementaliste92.com\/index.php\/wp-json\/wp\/v2\/types\/page"}],"author":[{"embeddable":true,"href":"https:\/\/comportementaliste92.com\/index.php\/wp-json\/wp\/v2\/users\/1"}],"replies":[{"embeddable":true,"href":"https:\/\/comportementaliste92.com\/index.php\/wp-json\/wp\/v2\/comments?post=335"}],"version-history":[{"count":13,"href":"https:\/\/comportementaliste92.com\/index.php\/wp-json\/wp\/v2\/pages\/335\/revisions"}],"predecessor-version":[{"id":630,"href":"https:\/\/comportementaliste92.com\/index.php\/wp-json\/wp\/v2\/pages\/335\/revisions\/630"}],"wp:attachment":[{"href":"https:\/\/comportementaliste92.com\/index.php\/wp-json\/wp\/v2\/media?parent=335"}],"curies":[{"name":"wp","href":"https:\/\/api.w.org\/{rel}","templated":true}]}}